{"id":2080,"date":"2016-02-22T04:03:46","date_gmt":"2016-02-22T04:03:46","guid":{"rendered":"http:\/\/wordpress.templaza.net\/xml\/interiart\/?page_id=2080"},"modified":"2019-02-14T16:42:02","modified_gmt":"2019-02-14T13:42:02","slug":"hizmetlerimiz","status":"publish","type":"page","link":"https:\/\/tolmuhendislik.com\/?page_id=2080","title":{"rendered":"Hizmetlerimiz"},"content":{"rendered":"<p>[vc_row][vc_column]        <header class=\"tz-header tz-header-type-1\">\r\n                    <div class=\"tz-headerTop\">\r\n                <div class=\"container\">\r\n                    <div class=\"tz-headerTop-box\">\r\n                        <div class=\"tz-headerLeft pull-left\">\r\n                            <div class=\"tzheader_support\">\r\n                                                                \r\n                                                                    <div class=\"tzheader_site\">\r\n                                        <i class=\"fa fa-envelope-o\"><\/i>\r\n                                        info@tolmuhendislik.com \/ 0 530 290 85 34                                    <\/div>\r\n                                                            <\/div>\r\n                        <\/div>\r\n\r\n                        <div class=\"tz-headerRight pull-right\">\r\n                            <ul class=\"tzheader_social\">\r\n                                                                    <li>\r\n                                        <a href=\"https:\/\/www.facebook.com\/Tol-M%C3%BChendislik-824167897792418\/\"><i class=\"fa fa-facebook\"><\/i><\/a>\r\n                                    <\/li>\r\n                                                                                                    <li>\r\n                                        <a href=\"https:\/\/www.instagram.com\/tol_muhendislik\/\"><i class=\"fa fa-twitter\"><\/i><\/a>\r\n                                    <\/li>\r\n                                                                                                                                                                                                                                                                                                                            <\/ul>\r\n                        <\/div>\r\n                    <\/div>\r\n                <\/div><!--end class container-->\r\n            <\/div>\r\n                    \r\n\r\n\r\n            <div class=\"tz-headerBottom tz-max-mega-menu\">\r\n\r\n                                <div class=\"container\">\r\n                \r\n                \r\n\r\n                    <a class=\"pull-left tz_logo\" href=\"https:\/\/tolmuhendislik.com\" title=\"TOL M\u00dcHEND\u0130SL\u0130K\" >\r\n                        <img class=\"logo_lager\" width =\"294\" height =\"53\" src=\"https:\/\/tolmuhendislik.com\/wp-content\/uploads\/2019\/01\/yeni-1.png\" alt=\"TOL M\u00dcHEND\u0130SL\u0130K\" \/>                    <\/a>\r\n\r\n                \r\n                    \r\n                                            <div class=\"tz-header-search pull-right\">\r\n                            <span aria-hidden='true' class='icon_search tz_icon_search'><\/span>\r\n                            <span aria-hidden='true' class='icon_close tz_icon_close'><\/span>\r\n                            <div class=\"tz-header-search-form\">\r\n                                    <form method=\"get\" class=\"searchform\" action=\"https:\/\/tolmuhendislik.com\/\">\n        <label class=\"icon-search\">&nbsp;<\/label>\n        <label class=\"assistive-text assistive-tzsearch\">Search<\/label>\n        <input type=\"text\" class=\"field Tzsearchform inputbox search-query\" name=\"s\" placeholder=\"Search...\" \/>\n        <input type=\"submit\" class=\"submit searchsubmit\" name=\"submit\" value=\"Search\" \/>\n        <span aria-hidden='true' class='icon_search'><\/span>\n    <\/form>\n                            <\/div>\r\n                        <\/div>\r\n                                        <button type=\"button\" class=\"navbar-toggle collapsed\" data-toggle=\"collapse\" data-target=\"#tz-navbar-collapse\">\r\n                        <i class=\"fa fa-bars\"><\/i>\r\n                    <\/button>\r\n                    <nav class=\"pull-right\">\r\n                        <div id=\"mega-menu-wrap-primary\" class=\"mega-menu-wrap\"><div class=\"mega-menu-toggle\"><div class=\"mega-toggle-blocks-left\"><\/div><div class=\"mega-toggle-blocks-center\"><\/div><div class=\"mega-toggle-blocks-right\"><div class='mega-toggle-block mega-menu-toggle-animated-block mega-toggle-block-0' id='mega-toggle-block-0'><button aria-label=\"Toggle Menu\" class=\"mega-toggle-animated mega-toggle-animated-slider\" type=\"button\" aria-expanded=\"false\">\n                  <span class=\"mega-toggle-animated-box\">\n                    <span class=\"mega-toggle-animated-inner\"><\/span>\n                  <\/span>\n                <\/button><\/div><\/div><\/div><ul id=\"mega-menu-primary\" class=\"mega-menu max-mega-menu mega-menu-horizontal mega-no-js\" data-event=\"hover_intent\" data-effect=\"fade\" data-effect-speed=\"200\" data-effect-mobile=\"disabled\" data-effect-speed-mobile=\"0\" data-panel-width=\".container\" data-mobile-force-width=\"false\" data-second-click=\"close\" data-document-click=\"collapse\" data-vertical-behaviour=\"standard\" data-breakpoint=\"992\" data-unbind=\"true\" data-mobile-state=\"collapse_all\" data-hover-intent-timeout=\"300\" data-hover-intent-interval=\"100\"><li class='mega-menu-item mega-menu-item-type-post_type mega-menu-item-object-page mega-menu-item-home mega-align-bottom-left mega-menu-flyout mega-menu-item-3687' id='mega-menu-item-3687'><a class=\"mega-menu-link\" href=\"https:\/\/tolmuhendislik.com\/\" tabindex=\"0\">ANASAYFA<\/a><\/li><li class='mega-menu-item mega-menu-item-type-post_type mega-menu-item-object-page mega-menu-item-has-children mega-align-bottom-left mega-menu-flyout mega-menu-item-3631' id='mega-menu-item-3631'><a class=\"mega-menu-link\" href=\"https:\/\/tolmuhendislik.com\/?page_id=2080\" aria-haspopup=\"true\" aria-expanded=\"false\" tabindex=\"0\">H\u0130ZMETLER\u0130M\u0130Z<span class=\"mega-indicator\"><\/span><\/a>\n<ul class=\"mega-sub-menu\">\n<li class='mega-menu-item mega-menu-item-type-custom mega-menu-item-object-custom mega-menu-item-3854' id='mega-menu-item-3854'><a class=\"mega-menu-link\" href=\"https:\/\/tolmuhendislik.com\/index.php\/hizmetlerimiz\/#1456114099322-f8d08c42-7e6d\">ISITMA S\u0130STEMLER\u0130<\/a><\/li><li class='mega-menu-item mega-menu-item-type-custom mega-menu-item-object-custom mega-menu-item-3855' id='mega-menu-item-3855'><a class=\"mega-menu-link\" href=\"https:\/\/tolmuhendislik.com\/index.php\/hizmetlerimiz\/#1456201605299-9f4837b7-8b05\">SO\u011eUTMA S\u0130STEMLER\u0130<\/a><\/li><li class='mega-menu-item mega-menu-item-type-custom mega-menu-item-object-custom mega-menu-item-3856' id='mega-menu-item-3856'><a class=\"mega-menu-link\" href=\"https:\/\/tolmuhendislik.com\/index.php\/hizmetlerimiz\/#1456201682960-16d60831-c5ea\">HAVALANDIRMA S\u0130STEMLER\u0130<\/a><\/li><li class='mega-menu-item mega-menu-item-type-custom mega-menu-item-object-custom mega-menu-item-3857' id='mega-menu-item-3857'><a class=\"mega-menu-link\" href=\"https:\/\/tolmuhendislik.com\/index.php\/hizmetlerimiz\/#1456201678898-4a6186b2-b650\">YANGIN S\u0130STEMLER\u0130<\/a><\/li><li class='mega-menu-item mega-menu-item-type-custom mega-menu-item-object-custom mega-menu-item-3858' id='mega-menu-item-3858'><a class=\"mega-menu-link\" href=\"https:\/\/tolmuhendislik.com\/index.php\/hizmetlerimiz\/#1548171004943-78a89086-6277\">G\u00dcNE\u015e ENERJ\u0130S\u0130<\/a><\/li><\/ul>\n<\/li><li class='mega-menu-item mega-menu-item-type-post_type mega-menu-item-object-page mega-align-bottom-left mega-menu-flyout mega-menu-item-3557' id='mega-menu-item-3557'><a class=\"mega-menu-link\" href=\"https:\/\/tolmuhendislik.com\/?page_id=92\" tabindex=\"0\">UYGULAMALARIMIZ<\/a><\/li><li class='mega-menu-item mega-menu-item-type-post_type mega-menu-item-object-page mega-align-bottom-left mega-menu-flyout mega-menu-item-3629' id='mega-menu-item-3629'><a class=\"mega-menu-link\" href=\"https:\/\/tolmuhendislik.com\/?page_id=2274\" tabindex=\"0\">\u0130LET\u0130\u015e\u0130M<\/a><\/li><\/ul><\/div>                    <\/nav>\r\n                    \r\n                                                <\/div><!--end class container-->\r\n                \r\n            <\/div>\r\n\r\n                    <\/header>\r\n                    <div class=\"tz-header tz-header-type-1 scroll\">\r\n                <div class=\"tz-headerBottom tz-max-mega-menu\">\r\n                                        <div class=\"container\">\r\n                        \r\n                        \r\n                                <a class=\"pull-left tz_logo\" href=\"https:\/\/tolmuhendislik.com\" title=\"TOL M\u00dcHEND\u0130SL\u0130K\" >\r\n                                    <img class=\"logo_lager\" width =\"294\" height =\"53\" src=\"https:\/\/tolmuhendislik.com\/wp-content\/uploads\/2019\/01\/yeni-1.png\" alt=\"TOL M\u00dcHEND\u0130SL\u0130K\" \/>                                <\/a>\r\n\r\n                                \r\n                                                                <div class=\"tz-header-search pull-right\">\r\n                                    <span aria-hidden='true' class='icon_search tz_icon_search'><\/span>\r\n                                    <span aria-hidden='true' class='icon_close tz_icon_close'><\/span>\r\n                                    <div class=\"tz-header-search-form\">\r\n                                            <form method=\"get\" class=\"searchform\" action=\"https:\/\/tolmuhendislik.com\/\">\n        <label class=\"icon-search\">&nbsp;<\/label>\n        <label class=\"assistive-text assistive-tzsearch\">Search<\/label>\n        <input type=\"text\" class=\"field Tzsearchform inputbox search-query\" name=\"s\" placeholder=\"Search...\" \/>\n        <input type=\"submit\" class=\"submit searchsubmit\" name=\"submit\" value=\"Search\" \/>\n        <span aria-hidden='true' class='icon_search'><\/span>\n    <\/form>\n                                    <\/div>\r\n                                <\/div>\r\n                                <button type=\"button\" class=\"navbar-toggle collapsed\" data-toggle=\"collapse\" data-target=\"#tz-navbar-collapse\">\r\n                                    <i class=\"fa fa-bars\"><\/i>\r\n                                <\/button>\r\n                                <nav class=\"pull-right\">\r\n                                    <div id=\"mega-menu-wrap-primary\" class=\"mega-menu-wrap\"><div class=\"mega-menu-toggle\"><div class=\"mega-toggle-blocks-left\"><\/div><div class=\"mega-toggle-blocks-center\"><\/div><div class=\"mega-toggle-blocks-right\"><div class='mega-toggle-block mega-menu-toggle-animated-block mega-toggle-block-0' id='mega-toggle-block-0'><button aria-label=\"Toggle Menu\" class=\"mega-toggle-animated mega-toggle-animated-slider\" type=\"button\" aria-expanded=\"false\">\n                  <span class=\"mega-toggle-animated-box\">\n                    <span class=\"mega-toggle-animated-inner\"><\/span>\n                  <\/span>\n                <\/button><\/div><\/div><\/div><ul id=\"mega-menu-primary\" class=\"mega-menu max-mega-menu mega-menu-horizontal mega-no-js\" data-event=\"hover_intent\" data-effect=\"fade\" data-effect-speed=\"200\" data-effect-mobile=\"disabled\" data-effect-speed-mobile=\"0\" data-panel-width=\".container\" data-mobile-force-width=\"false\" data-second-click=\"close\" data-document-click=\"collapse\" data-vertical-behaviour=\"standard\" data-breakpoint=\"992\" data-unbind=\"true\" data-mobile-state=\"collapse_all\" data-hover-intent-timeout=\"300\" data-hover-intent-interval=\"100\"><li class='mega-menu-item mega-menu-item-type-post_type mega-menu-item-object-page mega-menu-item-home mega-align-bottom-left mega-menu-flyout mega-menu-item-3687' id='mega-menu-item-3687'><a class=\"mega-menu-link\" href=\"https:\/\/tolmuhendislik.com\/\" tabindex=\"0\">ANASAYFA<\/a><\/li><li class='mega-menu-item mega-menu-item-type-post_type mega-menu-item-object-page mega-menu-item-has-children mega-align-bottom-left mega-menu-flyout mega-menu-item-3631' id='mega-menu-item-3631'><a class=\"mega-menu-link\" href=\"https:\/\/tolmuhendislik.com\/?page_id=2080\" aria-haspopup=\"true\" aria-expanded=\"false\" tabindex=\"0\">H\u0130ZMETLER\u0130M\u0130Z<span class=\"mega-indicator\"><\/span><\/a>\n<ul class=\"mega-sub-menu\">\n<li class='mega-menu-item mega-menu-item-type-custom mega-menu-item-object-custom mega-menu-item-3854' id='mega-menu-item-3854'><a class=\"mega-menu-link\" href=\"https:\/\/tolmuhendislik.com\/index.php\/hizmetlerimiz\/#1456114099322-f8d08c42-7e6d\">ISITMA S\u0130STEMLER\u0130<\/a><\/li><li class='mega-menu-item mega-menu-item-type-custom mega-menu-item-object-custom mega-menu-item-3855' id='mega-menu-item-3855'><a class=\"mega-menu-link\" href=\"https:\/\/tolmuhendislik.com\/index.php\/hizmetlerimiz\/#1456201605299-9f4837b7-8b05\">SO\u011eUTMA S\u0130STEMLER\u0130<\/a><\/li><li class='mega-menu-item mega-menu-item-type-custom mega-menu-item-object-custom mega-menu-item-3856' id='mega-menu-item-3856'><a class=\"mega-menu-link\" href=\"https:\/\/tolmuhendislik.com\/index.php\/hizmetlerimiz\/#1456201682960-16d60831-c5ea\">HAVALANDIRMA S\u0130STEMLER\u0130<\/a><\/li><li class='mega-menu-item mega-menu-item-type-custom mega-menu-item-object-custom mega-menu-item-3857' id='mega-menu-item-3857'><a class=\"mega-menu-link\" href=\"https:\/\/tolmuhendislik.com\/index.php\/hizmetlerimiz\/#1456201678898-4a6186b2-b650\">YANGIN S\u0130STEMLER\u0130<\/a><\/li><li class='mega-menu-item mega-menu-item-type-custom mega-menu-item-object-custom mega-menu-item-3858' id='mega-menu-item-3858'><a class=\"mega-menu-link\" href=\"https:\/\/tolmuhendislik.com\/index.php\/hizmetlerimiz\/#1548171004943-78a89086-6277\">G\u00dcNE\u015e ENERJ\u0130S\u0130<\/a><\/li><\/ul>\n<\/li><li class='mega-menu-item mega-menu-item-type-post_type mega-menu-item-object-page mega-align-bottom-left mega-menu-flyout mega-menu-item-3557' id='mega-menu-item-3557'><a class=\"mega-menu-link\" href=\"https:\/\/tolmuhendislik.com\/?page_id=92\" tabindex=\"0\">UYGULAMALARIMIZ<\/a><\/li><li class='mega-menu-item mega-menu-item-type-post_type mega-menu-item-object-page mega-align-bottom-left mega-menu-flyout mega-menu-item-3629' id='mega-menu-item-3629'><a class=\"mega-menu-link\" href=\"https:\/\/tolmuhendislik.com\/?page_id=2274\" tabindex=\"0\">\u0130LET\u0130\u015e\u0130M<\/a><\/li><\/ul><\/div>                                <\/nav>\r\n                                \r\n                                                                            <\/div><!--end class container-->\r\n                \r\n                <\/div>\r\n            <\/div>\r\n            \r\n        \r\n        [\/vc_column][\/vc_row][vc_row parallax=&#8221;content-moving&#8221; parallax_image=&#8221;3837&#8243; tz_row_type=&#8221;grid&#8221; tz_pattern=&#8221;1&#8243; css=&#8221;.vc_custom_1548170844381{padding-top: 140px !important;padding-bottom: 312px !important;background-color: rgba(0,0,0,0.7) !important;*background-color: rgb(0,0,0) !important;}&#8221;][vc_column][vc_column_text]<\/p>\n<h3 style=\"margin-bottom: 22px;\"><span style=\"font-size: 30px;\"><span style=\"color: #ffffff;\"><strong>Hizmetlerimiz<\/strong><\/span><br \/>\n<\/span><\/h3>\n<p><span style=\"color: #ffffff;\">[\/vc_column_text][\/vc_column][\/vc_row][vc_row tz_row_type=&#8221;grid&#8221;][vc_column][vc_tta_tabs style=&#8221;outline&#8221; shape=&#8221;square&#8221; color=&#8221;juicy-pink&#8221; active_section=&#8221;1&#8243; no_fill_content_area=&#8221;true&#8221; css=&#8221;.vc_custom_1548174453289{margin-top: -235px !important;}&#8221;][vc_tta_section title=&#8221;Is\u0131tma Sistemleri&#8221; tab_id=&#8221;1456114099322-f8d08c42-7e6d&#8221;][vc_row_inner][vc_column_inner width=&#8221;1\/5&#8243;][vc_single_image image=&#8221;4279&#8243; img_size=&#8221;full&#8221; alignment=&#8221;center&#8221; onclick=&#8221;custom_link&#8221; img_link_target=&#8221;_blank&#8221; link=&#8221;https:\/\/tolmuhendislik.com\/isi-pompalari\/&#8221;][\/vc_column_inner][vc_column_inner width=&#8221;1\/5&#8243;][vc_single_image image=&#8221;4114&#8243; img_size=&#8221;full&#8221; alignment=&#8221;center&#8221; onclick=&#8221;custom_link&#8221; img_link_target=&#8221;_blank&#8221; link=&#8221;https:\/\/tolmuhendislik.com\/bireysel-kombi\/&#8221;][\/vc_column_inner][vc_column_inner width=&#8221;1\/5&#8243;][vc_single_image image=&#8221;4115&#8243; img_size=&#8221;full&#8221; alignment=&#8221;center&#8221; onclick=&#8221;custom_link&#8221; img_link_target=&#8221;_blank&#8221; link=&#8221;https:\/\/tolmuhendislik.com\/merkezi-sistem-duvar-tipi-kaskad-kazan\/&#8221;][\/vc_column_inner][vc_column_inner width=&#8221;1\/5&#8243;][vc_single_image image=&#8221;4116&#8243; img_size=&#8221;full&#8221; alignment=&#8221;center&#8221; onclick=&#8221;custom_link&#8221; img_link_target=&#8221;_blank&#8221; link=&#8221;https:\/\/tolmuhendislik.com\/merkezi-sistem-yer-tipi-kazan\/&#8221;][\/vc_column_inner][vc_column_inner width=&#8221;1\/5&#8243;][vc_single_image image=&#8221;4119&#8243; img_size=&#8221;full&#8221; alignment=&#8221;center&#8221; onclick=&#8221;custom_link&#8221; img_link_target=&#8221;_blank&#8221; link=&#8221;https:\/\/tolmuhendislik.com\/yerden-isitma-sistemleri\/&#8221;][\/vc_column_inner][\/vc_row_inner][vc_empty_space][\/vc_tta_section][vc_tta_section title=&#8221;So\u011futma Sistemleri&#8221; tab_id=&#8221;1456201605299-9f4837b7-8b05&#8243;][vc_row_inner][vc_column_inner width=&#8221;1\/4&#8243;][vc_single_image image=&#8221;4127&#8243; img_size=&#8221;full&#8221; alignment=&#8221;center&#8221; onclick=&#8221;custom_link&#8221; img_link_target=&#8221;_blank&#8221; link=&#8221;https:\/\/tolmuhendislik.com\/split-klima\/&#8221;][\/vc_column_inner][vc_column_inner width=&#8221;1\/4&#8243;][vc_single_image image=&#8221;4130&#8243; img_size=&#8221;full&#8221; alignment=&#8221;center&#8221; onclick=&#8221;custom_link&#8221; img_link_target=&#8221;_blank&#8221; link=&#8221;https:\/\/tolmuhendislik.com\/multi-klima\/&#8221;][\/vc_column_inner][vc_column_inner width=&#8221;1\/4&#8243;][vc_single_image image=&#8221;4131&#8243; img_size=&#8221;full&#8221; alignment=&#8221;center&#8221; onclick=&#8221;custom_link&#8221; img_link_target=&#8221;_blank&#8221; link=&#8221;https:\/\/tolmuhendislik.com\/ticari-klima\/&#8221;][\/vc_column_inner][vc_column_inner width=&#8221;1\/4&#8243;][vc_single_image image=&#8221;4134&#8243; img_size=&#8221;full&#8221; alignment=&#8221;center&#8221; onclick=&#8221;custom_link&#8221; img_link_target=&#8221;_blank&#8221; link=&#8221;https:\/\/tolmuhendislik.com\/merkezi-sistem-vrf-klima\/&#8221;][\/vc_column_inner][\/vc_row_inner][\/vc_tta_section][vc_tta_section title=&#8221;Yang\u0131n Sistemleri&#8221; tab_id=&#8221;1456201678898-4a6186b2-b650&#8243;][vc_row_inner][vc_column_inner width=&#8221;1\/5&#8243;][vc_single_image image=&#8221;4139&#8243; img_size=&#8221;full&#8221; alignment=&#8221;center&#8221; onclick=&#8221;custom_link&#8221; img_link_target=&#8221;_blank&#8221; link=&#8221;https:\/\/tolmuhendislik.com\/sprinkler-sistem\/&#8221;][\/vc_column_inner][vc_column_inner width=&#8221;1\/5&#8243;][vc_single_image image=&#8221;4142&#8243; img_size=&#8221;full&#8221; alignment=&#8221;center&#8221; onclick=&#8221;custom_link&#8221; img_link_target=&#8221;_blank&#8221; link=&#8221;https:\/\/tolmuhendislik.com\/otomatik-yangin-sondurme\/&#8221;][\/vc_column_inner][vc_column_inner width=&#8221;1\/5&#8243;][vc_single_image image=&#8221;4145&#8243; img_size=&#8221;full&#8221; alignment=&#8221;center&#8221; onclick=&#8221;custom_link&#8221; img_link_target=&#8221;_blank&#8221; link=&#8221;https:\/\/tolmuhendislik.com\/yangin-hidrantlari\/&#8221;][\/vc_column_inner][vc_column_inner width=&#8221;1\/5&#8243;][vc_single_image image=&#8221;4148&#8243; img_size=&#8221;full&#8221; alignment=&#8221;center&#8221; onclick=&#8221;custom_link&#8221; img_link_target=&#8221;_blank&#8221; link=&#8221;https:\/\/tolmuhendislik.com\/yangin-dolaplari\/&#8221;][\/vc_column_inner][vc_column_inner width=&#8221;1\/5&#8243;][vc_single_image image=&#8221;4151&#8243; img_size=&#8221;full&#8221; alignment=&#8221;center&#8221; onclick=&#8221;custom_link&#8221; img_link_target=&#8221;_blank&#8221; link=&#8221;https:\/\/tolmuhendislik.com\/gazli-ve-kimyasalli-sondurme-sistemleri\/&#8221;][\/vc_column_inner][\/vc_row_inner][\/vc_tta_section][vc_tta_section title=&#8221;Havaland\u0131rma Sistemleri&#8221; tab_id=&#8221;1456201682960-16d60831-c5ea&#8221;][vc_row_inner][vc_column_inner width=&#8221;1\/6&#8243;][vc_single_image image=&#8221;4156&#8243; img_size=&#8221;full&#8221; alignment=&#8221;center&#8221; onclick=&#8221;custom_link&#8221; img_link_target=&#8221;_blank&#8221; link=&#8221;https:\/\/tolmuhendislik.com\/otopark-egzost\/&#8221;][\/vc_column_inner][vc_column_inner width=&#8221;1\/6&#8243;][vc_single_image image=&#8221;4157&#8243; img_size=&#8221;full&#8221; alignment=&#8221;center&#8221; onclick=&#8221;custom_link&#8221; img_link_target=&#8221;_blank&#8221; link=&#8221;https:\/\/tolmuhendislik.com\/mutfak-aspiratorleri\/&#8221;][\/vc_column_inner][vc_column_inner width=&#8221;1\/6&#8243;][vc_single_image image=&#8221;4160&#8243; img_size=&#8221;full&#8221; alignment=&#8221;center&#8221; onclick=&#8221;custom_link&#8221; img_link_target=&#8221;_blank&#8221; link=&#8221;https:\/\/tolmuhendislik.com\/duman-egzost\/&#8221;][\/vc_column_inner][vc_column_inner width=&#8221;1\/6&#8243;][vc_single_image image=&#8221;4163&#8243; img_size=&#8221;full&#8221; alignment=&#8221;center&#8221; onclick=&#8221;custom_link&#8221; img_link_target=&#8221;_blank&#8221; link=&#8221;https:\/\/tolmuhendislik.com\/merdiven-basinclandirma\/&#8221;][\/vc_column_inner][vc_column_inner width=&#8221;1\/6&#8243;][vc_single_image image=&#8221;4166&#8243; img_size=&#8221;full&#8221; alignment=&#8221;center&#8221; onclick=&#8221;custom_link&#8221; link=&#8221;https:\/\/tolmuhendislik.com\/isi-geri-kazanim-sistemleri\/&#8221;][\/vc_column_inner][vc_column_inner width=&#8221;1\/6&#8243;][vc_single_image image=&#8221;4169&#8243; img_size=&#8221;full&#8221; alignment=&#8221;center&#8221; onclick=&#8221;custom_link&#8221; link=&#8221;https:\/\/tolmuhendislik.com\/taze-hava-besleme\/&#8221;][\/vc_column_inner][\/vc_row_inner][\/vc_tta_section][vc_tta_section title=&#8221;G\u00fcne\u015f Enerjisi&#8221; tab_id=&#8221;1548171004943-78a89086-6277&#8243;][vc_row_inner][vc_column_inner width=&#8221;1\/4&#8243;][\/vc_column_inner][vc_column_inner width=&#8221;1\/4&#8243;][vc_single_image image=&#8221;4172&#8243; img_size=&#8221;full&#8221; alignment=&#8221;center&#8221; onclick=&#8221;custom_link&#8221; img_link_target=&#8221;_blank&#8221; link=&#8221;https:\/\/tolmuhendislik.com\/termal-gunes-kollektorleri\/&#8221;][\/vc_column_inner][vc_column_inner width=&#8221;1\/4&#8243;][vc_single_image image=&#8221;4175&#8243; img_size=&#8221;full&#8221; alignment=&#8221;center&#8221; onclick=&#8221;custom_link&#8221; img_link_target=&#8221;_blank&#8221; link=&#8221;https:\/\/tolmuhendislik.com\/fotovoltaik-pv-gunes-panelleri\/&#8221;][\/vc_column_inner][vc_column_inner width=&#8221;1\/4&#8243;][\/vc_column_inner][\/vc_row_inner][\/vc_tta_section][\/vc_tta_tabs][\/vc_column][\/vc_row][vc_row][vc_column][vc_column_text]<\/span>[\/vc_column_text][\/vc_column][\/vc_row]<\/p>\n","protected":false},"excerpt":{"rendered":"<p>[vc_row][vc_column][\/vc_column][\/vc_row][vc_row parallax=&#8221;content-moving&#8221; parallax_image=&#8221;3837&#8243; tz_row_type=&#8221;grid&#8221; tz_pattern=&#8221;1&#8243; css=&#8221;.vc_custom_1548170844381{padding-top: 140px !important;padding-bottom: 312px !important;background-color: rgba(0,0,0,0.7) !important;*background-color: rgb(0,0,0) !important;}&#8221;][vc_column][vc_column_text] Hizmetlerimiz [\/vc_column_text][\/vc_column][\/vc_row][vc_row tz_row_type=&#8221;grid&#8221;][vc_column][vc_tta_tabs style=&#8221;outline&#8221; shape=&#8221;square&#8221; color=&#8221;juicy-pink&#8221; active_section=&#8221;1&#8243; no_fill_content_area=&#8221;true&#8221; css=&#8221;.vc_custom_1548174453289{margin-top: -235px !important;}&#8221;][vc_tta_section title=&#8221;Is\u0131tma Sistemleri&#8221; tab_id=&#8221;1456114099322-f8d08c42-7e6d&#8221;][vc_row_inner][vc_column_inner width=&#8221;1\/5&#8243;][vc_single_image image=&#8221;4279&#8243; img_size=&#8221;full&#8221; alignment=&#8221;center&#8221; onclick=&#8221;custom_link&#8221; img_link_target=&#8221;_blank&#8221; link=&#8221;https:\/\/tolmuhendislik.com\/isi-pompalari\/&#8221;][\/vc_column_inner][vc_column_inner width=&#8221;1\/5&#8243;][vc_single_image image=&#8221;4114&#8243; img_size=&#8221;full&#8221; alignment=&#8221;center&#8221; onclick=&#8221;custom_link&#8221; img_link_target=&#8221;_blank&#8221; link=&#8221;https:\/\/tolmuhendislik.com\/bireysel-kombi\/&#8221;][\/vc_column_inner][vc_column_inner width=&#8221;1\/5&#8243;][vc_single_image image=&#8221;4115&#8243; img_size=&#8221;full&#8221; alignment=&#8221;center&#8221; onclick=&#8221;custom_link&#8221; img_link_target=&#8221;_blank&#8221; link=&#8221;https:\/\/tolmuhendislik.com\/merkezi-sistem-duvar-tipi-kaskad-kazan\/&#8221;][\/vc_column_inner][vc_column_inner width=&#8221;1\/5&#8243;][vc_single_image image=&#8221;4116&#8243; img_size=&#8221;full&#8221; alignment=&#8221;center&#8221; onclick=&#8221;custom_link&#8221; img_link_target=&#8221;_blank&#8221; [&hellip;]<\/p>\n","protected":false},"author":1,"featured_media":0,"parent":0,"menu_order":0,"comment_status":"closed","ping_status":"closed","template":"template-homepage.php","meta":{"_mi_skip_tracking":false},"_links":{"self":[{"href":"https:\/\/tolmuhendislik.com\/index.php?rest_route=\/wp\/v2\/pages\/2080"}],"collection":[{"href":"https:\/\/tolmuhendislik.com\/index.php?rest_route=\/wp\/v2\/pages"}],"about":[{"href":"https:\/\/tolmuhendislik.com\/index.php?rest_route=\/wp\/v2\/types\/page"}],"author":[{"embeddable":true,"href":"https:\/\/tolmuhendislik.com\/index.php?rest_route=\/wp\/v2\/users\/1"}],"replies":[{"embeddable":true,"href":"https:\/\/tolmuhendislik.com\/index.php?rest_route=%2Fwp%2Fv2%2Fcomments&post=2080"}],"version-history":[{"count":10,"href":"https:\/\/tolmuhendislik.com\/index.php?rest_route=\/wp\/v2\/pages\/2080\/revisions"}],"predecessor-version":[{"id":4280,"href":"https:\/\/tolmuhendislik.com\/index.php?rest_route=\/wp\/v2\/pages\/2080\/revisions\/4280"}],"wp:attachment":[{"href":"https:\/\/tolmuhendislik.com\/index.php?rest_route=%2Fwp%2Fv2%2Fmedia&parent=2080"}],"curies":[{"name":"wp","href":"https:\/\/api.w.org\/{rel}","templated":true}]}}