{"id":2274,"date":"2016-03-01T01:31:09","date_gmt":"2016-03-01T01:31:09","guid":{"rendered":"http:\/\/wordpress.templaza.net\/xml\/interiart\/?page_id=2274"},"modified":"2019-08-12T21:49:46","modified_gmt":"2019-08-12T18:49:46","slug":"iletisim","status":"publish","type":"page","link":"https:\/\/tolmuhendislik.com\/?page_id=2274","title":{"rendered":"\u0130leti\u015fim"},"content":{"rendered":"<p>[vc_row][vc_column]        <header class=\"tz-header tz-header-type-1\">\r\n                    <div class=\"tz-headerTop\">\r\n                <div class=\"container\">\r\n                    <div class=\"tz-headerTop-box\">\r\n                        <div class=\"tz-headerLeft pull-left\">\r\n                            <div class=\"tzheader_support\">\r\n                                                                \r\n                                                                    <div class=\"tzheader_site\">\r\n                                        <i class=\"fa fa-envelope-o\"><\/i>\r\n                                        info@tolmuhendislik.com \/ 0 530 290 85 34                                    <\/div>\r\n                                                            <\/div>\r\n                        <\/div>\r\n\r\n                        <div class=\"tz-headerRight pull-right\">\r\n                            <ul class=\"tzheader_social\">\r\n                                                                    <li>\r\n                                        <a href=\"https:\/\/www.facebook.com\/Tol-M%C3%BChendislik-824167897792418\/\"><i class=\"fa fa-facebook\"><\/i><\/a>\r\n                                    <\/li>\r\n                                                                                                    <li>\r\n                                        <a href=\"https:\/\/www.instagram.com\/tol_muhendislik\/\"><i class=\"fa fa-twitter\"><\/i><\/a>\r\n                                    <\/li>\r\n                                                                                                                                                                                                                                                                                                                            <\/ul>\r\n                        <\/div>\r\n                    <\/div>\r\n                <\/div><!--end class container-->\r\n            <\/div>\r\n                    \r\n\r\n\r\n            <div class=\"tz-headerBottom tz-max-mega-menu\">\r\n\r\n                                <div class=\"container\">\r\n                \r\n                \r\n\r\n                    <a class=\"pull-left tz_logo\" href=\"https:\/\/tolmuhendislik.com\" title=\"TOL M\u00dcHEND\u0130SL\u0130K\" >\r\n                        <img class=\"logo_lager\" width =\"294\" height =\"53\" src=\"https:\/\/tolmuhendislik.com\/wp-content\/uploads\/2019\/01\/yeni-1.png\" alt=\"TOL M\u00dcHEND\u0130SL\u0130K\" \/>                    <\/a>\r\n\r\n                \r\n                    \r\n                                            <div class=\"tz-header-search pull-right\">\r\n                            <span aria-hidden='true' class='icon_search tz_icon_search'><\/span>\r\n                            <span aria-hidden='true' class='icon_close tz_icon_close'><\/span>\r\n                            <div class=\"tz-header-search-form\">\r\n                                    <form method=\"get\" class=\"searchform\" action=\"https:\/\/tolmuhendislik.com\/\">\n        <label class=\"icon-search\">&nbsp;<\/label>\n        <label class=\"assistive-text assistive-tzsearch\">Search<\/label>\n        <input type=\"text\" class=\"field Tzsearchform inputbox search-query\" name=\"s\" placeholder=\"Search...\" \/>\n        <input type=\"submit\" class=\"submit searchsubmit\" name=\"submit\" value=\"Search\" \/>\n        <span aria-hidden='true' class='icon_search'><\/span>\n    <\/form>\n                            <\/div>\r\n                        <\/div>\r\n                                        <button type=\"button\" class=\"navbar-toggle collapsed\" data-toggle=\"collapse\" data-target=\"#tz-navbar-collapse\">\r\n                        <i class=\"fa fa-bars\"><\/i>\r\n                    <\/button>\r\n                    <nav class=\"pull-right\">\r\n                        <div id=\"mega-menu-wrap-primary\" class=\"mega-menu-wrap\"><div class=\"mega-menu-toggle\"><div class=\"mega-toggle-blocks-left\"><\/div><div class=\"mega-toggle-blocks-center\"><\/div><div class=\"mega-toggle-blocks-right\"><div class='mega-toggle-block mega-menu-toggle-animated-block mega-toggle-block-0' id='mega-toggle-block-0'><button aria-label=\"Toggle Menu\" class=\"mega-toggle-animated mega-toggle-animated-slider\" type=\"button\" aria-expanded=\"false\">\n                  <span class=\"mega-toggle-animated-box\">\n                    <span class=\"mega-toggle-animated-inner\"><\/span>\n                  <\/span>\n                <\/button><\/div><\/div><\/div><ul id=\"mega-menu-primary\" class=\"mega-menu max-mega-menu mega-menu-horizontal mega-no-js\" data-event=\"hover_intent\" data-effect=\"fade\" data-effect-speed=\"200\" data-effect-mobile=\"disabled\" data-effect-speed-mobile=\"0\" data-panel-width=\".container\" data-mobile-force-width=\"false\" data-second-click=\"close\" data-document-click=\"collapse\" data-vertical-behaviour=\"standard\" data-breakpoint=\"992\" data-unbind=\"true\" data-mobile-state=\"collapse_all\" data-hover-intent-timeout=\"300\" data-hover-intent-interval=\"100\"><li class='mega-menu-item mega-menu-item-type-post_type mega-menu-item-object-page mega-menu-item-home mega-align-bottom-left mega-menu-flyout mega-menu-item-3687' id='mega-menu-item-3687'><a class=\"mega-menu-link\" href=\"https:\/\/tolmuhendislik.com\/\" tabindex=\"0\">ANASAYFA<\/a><\/li><li class='mega-menu-item mega-menu-item-type-post_type mega-menu-item-object-page mega-menu-item-has-children mega-align-bottom-left mega-menu-flyout mega-menu-item-3631' id='mega-menu-item-3631'><a class=\"mega-menu-link\" href=\"https:\/\/tolmuhendislik.com\/?page_id=2080\" aria-haspopup=\"true\" aria-expanded=\"false\" tabindex=\"0\">H\u0130ZMETLER\u0130M\u0130Z<span class=\"mega-indicator\"><\/span><\/a>\n<ul class=\"mega-sub-menu\">\n<li class='mega-menu-item mega-menu-item-type-custom mega-menu-item-object-custom mega-menu-item-3854' id='mega-menu-item-3854'><a class=\"mega-menu-link\" href=\"https:\/\/tolmuhendislik.com\/index.php\/hizmetlerimiz\/#1456114099322-f8d08c42-7e6d\">ISITMA S\u0130STEMLER\u0130<\/a><\/li><li class='mega-menu-item mega-menu-item-type-custom mega-menu-item-object-custom mega-menu-item-3855' id='mega-menu-item-3855'><a class=\"mega-menu-link\" href=\"https:\/\/tolmuhendislik.com\/index.php\/hizmetlerimiz\/#1456201605299-9f4837b7-8b05\">SO\u011eUTMA S\u0130STEMLER\u0130<\/a><\/li><li class='mega-menu-item mega-menu-item-type-custom mega-menu-item-object-custom mega-menu-item-3856' id='mega-menu-item-3856'><a class=\"mega-menu-link\" href=\"https:\/\/tolmuhendislik.com\/index.php\/hizmetlerimiz\/#1456201682960-16d60831-c5ea\">HAVALANDIRMA S\u0130STEMLER\u0130<\/a><\/li><li class='mega-menu-item mega-menu-item-type-custom mega-menu-item-object-custom mega-menu-item-3857' id='mega-menu-item-3857'><a class=\"mega-menu-link\" href=\"https:\/\/tolmuhendislik.com\/index.php\/hizmetlerimiz\/#1456201678898-4a6186b2-b650\">YANGIN S\u0130STEMLER\u0130<\/a><\/li><li class='mega-menu-item mega-menu-item-type-custom mega-menu-item-object-custom mega-menu-item-3858' id='mega-menu-item-3858'><a class=\"mega-menu-link\" href=\"https:\/\/tolmuhendislik.com\/index.php\/hizmetlerimiz\/#1548171004943-78a89086-6277\">G\u00dcNE\u015e ENERJ\u0130S\u0130<\/a><\/li><\/ul>\n<\/li><li class='mega-menu-item mega-menu-item-type-post_type mega-menu-item-object-page mega-align-bottom-left mega-menu-flyout mega-menu-item-3557' id='mega-menu-item-3557'><a class=\"mega-menu-link\" href=\"https:\/\/tolmuhendislik.com\/?page_id=92\" tabindex=\"0\">UYGULAMALARIMIZ<\/a><\/li><li class='mega-menu-item mega-menu-item-type-post_type mega-menu-item-object-page mega-align-bottom-left mega-menu-flyout mega-menu-item-3629' id='mega-menu-item-3629'><a class=\"mega-menu-link\" href=\"https:\/\/tolmuhendislik.com\/?page_id=2274\" tabindex=\"0\">\u0130LET\u0130\u015e\u0130M<\/a><\/li><\/ul><\/div>                    <\/nav>\r\n                    \r\n                                                <\/div><!--end class container-->\r\n                \r\n            <\/div>\r\n\r\n                    <\/header>\r\n                    <div class=\"tz-header tz-header-type-1 scroll\">\r\n                <div class=\"tz-headerBottom tz-max-mega-menu\">\r\n                                        <div class=\"container\">\r\n                        \r\n                        \r\n                                <a class=\"pull-left tz_logo\" href=\"https:\/\/tolmuhendislik.com\" title=\"TOL M\u00dcHEND\u0130SL\u0130K\" >\r\n                                    <img class=\"logo_lager\" width =\"294\" height =\"53\" src=\"https:\/\/tolmuhendislik.com\/wp-content\/uploads\/2019\/01\/yeni-1.png\" alt=\"TOL M\u00dcHEND\u0130SL\u0130K\" \/>                                <\/a>\r\n\r\n                                \r\n                                                                <div class=\"tz-header-search pull-right\">\r\n                                    <span aria-hidden='true' class='icon_search tz_icon_search'><\/span>\r\n                                    <span aria-hidden='true' class='icon_close tz_icon_close'><\/span>\r\n                                    <div class=\"tz-header-search-form\">\r\n                                            <form method=\"get\" class=\"searchform\" action=\"https:\/\/tolmuhendislik.com\/\">\n        <label class=\"icon-search\">&nbsp;<\/label>\n        <label class=\"assistive-text assistive-tzsearch\">Search<\/label>\n        <input type=\"text\" class=\"field Tzsearchform inputbox search-query\" name=\"s\" placeholder=\"Search...\" \/>\n        <input type=\"submit\" class=\"submit searchsubmit\" name=\"submit\" value=\"Search\" \/>\n        <span aria-hidden='true' class='icon_search'><\/span>\n    <\/form>\n                                    <\/div>\r\n                                <\/div>\r\n                                <button type=\"button\" class=\"navbar-toggle collapsed\" data-toggle=\"collapse\" data-target=\"#tz-navbar-collapse\">\r\n                                    <i class=\"fa fa-bars\"><\/i>\r\n                                <\/button>\r\n                                <nav class=\"pull-right\">\r\n                                    <div id=\"mega-menu-wrap-primary\" class=\"mega-menu-wrap\"><div class=\"mega-menu-toggle\"><div class=\"mega-toggle-blocks-left\"><\/div><div class=\"mega-toggle-blocks-center\"><\/div><div class=\"mega-toggle-blocks-right\"><div class='mega-toggle-block mega-menu-toggle-animated-block mega-toggle-block-0' id='mega-toggle-block-0'><button aria-label=\"Toggle Menu\" class=\"mega-toggle-animated mega-toggle-animated-slider\" type=\"button\" aria-expanded=\"false\">\n                  <span class=\"mega-toggle-animated-box\">\n                    <span class=\"mega-toggle-animated-inner\"><\/span>\n                  <\/span>\n                <\/button><\/div><\/div><\/div><ul id=\"mega-menu-primary\" class=\"mega-menu max-mega-menu mega-menu-horizontal mega-no-js\" data-event=\"hover_intent\" data-effect=\"fade\" data-effect-speed=\"200\" data-effect-mobile=\"disabled\" data-effect-speed-mobile=\"0\" data-panel-width=\".container\" data-mobile-force-width=\"false\" data-second-click=\"close\" data-document-click=\"collapse\" data-vertical-behaviour=\"standard\" data-breakpoint=\"992\" data-unbind=\"true\" data-mobile-state=\"collapse_all\" data-hover-intent-timeout=\"300\" data-hover-intent-interval=\"100\"><li class='mega-menu-item mega-menu-item-type-post_type mega-menu-item-object-page mega-menu-item-home mega-align-bottom-left mega-menu-flyout mega-menu-item-3687' id='mega-menu-item-3687'><a class=\"mega-menu-link\" href=\"https:\/\/tolmuhendislik.com\/\" tabindex=\"0\">ANASAYFA<\/a><\/li><li class='mega-menu-item mega-menu-item-type-post_type mega-menu-item-object-page mega-menu-item-has-children mega-align-bottom-left mega-menu-flyout mega-menu-item-3631' id='mega-menu-item-3631'><a class=\"mega-menu-link\" href=\"https:\/\/tolmuhendislik.com\/?page_id=2080\" aria-haspopup=\"true\" aria-expanded=\"false\" tabindex=\"0\">H\u0130ZMETLER\u0130M\u0130Z<span class=\"mega-indicator\"><\/span><\/a>\n<ul class=\"mega-sub-menu\">\n<li class='mega-menu-item mega-menu-item-type-custom mega-menu-item-object-custom mega-menu-item-3854' id='mega-menu-item-3854'><a class=\"mega-menu-link\" href=\"https:\/\/tolmuhendislik.com\/index.php\/hizmetlerimiz\/#1456114099322-f8d08c42-7e6d\">ISITMA S\u0130STEMLER\u0130<\/a><\/li><li class='mega-menu-item mega-menu-item-type-custom mega-menu-item-object-custom mega-menu-item-3855' id='mega-menu-item-3855'><a class=\"mega-menu-link\" href=\"https:\/\/tolmuhendislik.com\/index.php\/hizmetlerimiz\/#1456201605299-9f4837b7-8b05\">SO\u011eUTMA S\u0130STEMLER\u0130<\/a><\/li><li class='mega-menu-item mega-menu-item-type-custom mega-menu-item-object-custom mega-menu-item-3856' id='mega-menu-item-3856'><a class=\"mega-menu-link\" href=\"https:\/\/tolmuhendislik.com\/index.php\/hizmetlerimiz\/#1456201682960-16d60831-c5ea\">HAVALANDIRMA S\u0130STEMLER\u0130<\/a><\/li><li class='mega-menu-item mega-menu-item-type-custom mega-menu-item-object-custom mega-menu-item-3857' id='mega-menu-item-3857'><a class=\"mega-menu-link\" href=\"https:\/\/tolmuhendislik.com\/index.php\/hizmetlerimiz\/#1456201678898-4a6186b2-b650\">YANGIN S\u0130STEMLER\u0130<\/a><\/li><li class='mega-menu-item mega-menu-item-type-custom mega-menu-item-object-custom mega-menu-item-3858' id='mega-menu-item-3858'><a class=\"mega-menu-link\" href=\"https:\/\/tolmuhendislik.com\/index.php\/hizmetlerimiz\/#1548171004943-78a89086-6277\">G\u00dcNE\u015e ENERJ\u0130S\u0130<\/a><\/li><\/ul>\n<\/li><li class='mega-menu-item mega-menu-item-type-post_type mega-menu-item-object-page mega-align-bottom-left mega-menu-flyout mega-menu-item-3557' id='mega-menu-item-3557'><a class=\"mega-menu-link\" href=\"https:\/\/tolmuhendislik.com\/?page_id=92\" tabindex=\"0\">UYGULAMALARIMIZ<\/a><\/li><li class='mega-menu-item mega-menu-item-type-post_type mega-menu-item-object-page mega-align-bottom-left mega-menu-flyout mega-menu-item-3629' id='mega-menu-item-3629'><a class=\"mega-menu-link\" href=\"https:\/\/tolmuhendislik.com\/?page_id=2274\" tabindex=\"0\">\u0130LET\u0130\u015e\u0130M<\/a><\/li><\/ul><\/div>                                <\/nav>\r\n                                \r\n                                                                            <\/div><!--end class container-->\r\n                \r\n                <\/div>\r\n            <\/div>\r\n            \r\n        \r\n        [\/vc_column][\/vc_row][vc_row parallax=&#8221;content-moving&#8221; parallax_image=&#8221;3837&#8243; tz_row_type=&#8221;grid&#8221; tz_pattern=&#8221;1&#8243; css=&#8221;.vc_custom_1548181590723{padding-top: 140px !important;padding-bottom: 510px !important;background-color: rgba(0,0,0,0.7) !important;*background-color: rgb(0,0,0) !important;}&#8221;][vc_column][vc_column_text]<\/p>\n<h3 style=\"margin-bottom: 22px;\"><span style=\"font-size: 30px;\"><span style=\"color: #ffffff;\"><strong>B\u0130Z\u0130MLE \u0130LET\u0130\u015e\u0130ME GE\u00c7\u0130N<\/strong><\/span><br \/>\n<\/span><\/h3>\n<p>[\/vc_column_text][\/vc_column][\/vc_row][vc_row tz_row_type=&#8221;grid&#8221; css=&#8221;.vc_custom_1456800081276{padding-bottom: 100px !important;background-color: #fafafa !important;}&#8221;][vc_column el_class=&#8221;tz-box-shadow&#8221; css=&#8221;.vc_custom_1456798390782{margin-top: -446px !important;}&#8221;][vc_row_inner][vc_column_inner width=&#8221;1\/2&#8243;][vc_gmaps link=&#8221;#E-8_JTNDaWZyYW1lJTIwc3JjJTNEJTIyaHR0cHMlM0ElMkYlMkZ3d3cuZ29vZ2xlLmNvbSUyRm1hcHMlMkZlbWJlZCUzRnBiJTNEJTIxMW0xOCUyMTFtMTIlMjExbTMlMjExZDMxMjcuOTAzODM2OTMxNDczJTIxMmQyNi44NjcwOTgzMTU3MzQyODUlMjEzZDM4LjM3NDM0NTk3OTY1NDgyJTIxMm0zJTIxMWYwJTIxMmYwJTIxM2YwJTIxM20yJTIxMWkxMDI0JTIxMmk3NjglMjE0ZjEzLjElMjEzbTMlMjExbTIlMjExczB4MTRiYmVhMGM5NmQxYTJlNyUyNTNBMHhlMDM2ODFhYTRmMWI1ZTM5JTIxMnpVMmwwWld4bGNpQk5ZV2hoYkd4bGMya3NJRTFwZEdoaGRIQmh4WjloSUVOa0xpQk9iem8yTXprc0lETTFNekV3SUVmRHZIcGxiR0poYU1PblpTX0VzSHB0YVhJJTIxNWUwJTIxM20yJTIxMXN0ciUyMTJzdHIlMjE0djE1NDgxODE3MjUwMDglMjIlMjB3aWR0aCUzRCUyMjYwMCUyMiUyMGhlaWdodCUzRCUyMjQ1MCUyMiUyMGZyYW1lYm9yZGVyJTNEJTIyMCUyMiUyMHN0eWxlJTNEJTIyYm9yZGVyJTNBMCUyMiUyMGFsbG93ZnVsbHNjcmVlbiUzRSUzQyUyRmlmcmFtZSUzRQ==&#8221; tz_type=&#8221;classic&#8221; css=&#8221;.vc_custom_1548181733436{padding-top: 10px !important;padding-right: 10px !important;padding-bottom: 10px !important;padding-left: 10px !important;}&#8221;][\/vc_column_inner][vc_column_inner width=&#8221;1\/2&#8243;][vc_gmaps link=&#8221;#E-8_JTNDaWZyYW1lJTIwc3JjJTNEJTIyaHR0cHMlM0ElMkYlMkZ3d3cuZ29vZ2xlLmNvbSUyRm1hcHMlMkZlbWJlZCUzRnBiJTNEJTIxMW0xOCUyMTFtMTIlMjExbTMlMjExZDE2MDYuMTA5MDU2MTU0NTA1MiUyMTJkMzMuOTMzNDQwOTAwNjA4NjIlMjEzZDM2LjM3OTcxMzU5ODIzNTUzJTIxMm0zJTIxMWYwJTIxMmYwJTIxM2YwJTIxM20yJTIxMWkxMDI0JTIxMmk3NjglMjE0ZjEzLjElMjEzbTMlMjExbTIlMjExczB4MTRkOGU3ODBlMjU2NjU1MyUyNTNBMHgzZTM4ZmQ1Yzg3ZjY0NTQ5JTIxMnNHJTI1QzMlMjVCNmtzdSUyQk1haGFsbGVzaSUyNTJDJTJCQWxpJTJCJTI1QzMlMjU5Nm5kZXIlMkJDZC4lMkJObyUyNTNBMzYlMjUyQyUyQjMzOTYwJTJCU2lsaWZrZSUyNTJGTWVyc2luJTIxNWUwJTIxM20yJTIxMXN0ciUyMTJzdHIlMjE0djE1NDk2MzQxMTkwOTAlMjIlMjB3aWR0aCUzRCUyMjYwMCUyMiUyMGhlaWdodCUzRCUyMjQ1MCUyMiUyMGZyYW1lYm9yZGVyJTNEJTIyMCUyMiUyMHN0eWxlJTNEJTIyYm9yZGVyJTNBMCUyMiUyMGFsbG93ZnVsbHNjcmVlbiUzRSUzQyUyRmlmcmFtZSUzRQ==&#8221; tz_type=&#8221;classic&#8221; css=&#8221;.vc_custom_1549634134187{padding-top: 10px !important;padding-right: 10px !important;padding-bottom: 10px !important;padding-left: 10px !important;}&#8221;][\/vc_column_inner][\/vc_row_inner][vc_row_inner css=&#8221;.vc_custom_1456800034216{padding-top: 47px !important;padding-right: 54px !important;padding-bottom: 47px !important;padding-left: 54px !important;}&#8221;][vc_column_inner width=&#8221;1\/3&#8243;][vc_column_text css=&#8221;.vc_custom_1565635650686{padding-bottom: 44px !important;}&#8221;]<\/p>\n<h3 class=\"vc_custom_heading\" style=\"text-align: center;\">\u0130ZM\u0130R OF\u0130S<\/h3>\n<p>[\/vc_column_text][vc_column_text css=&#8221;.vc_custom_1548500554469{padding-bottom: 44px !important;}&#8221;]<\/p>\n<h4><span style=\"color: #e30613;\">Adres<\/span><\/h4>\n<p><i class=\"fa fa-map-marker\"><\/i> \u00a0\u00a0 Siteler Mahallesi Mithatpa\u015fa Caddesi 639\/A\u00a0G\u00fczelbah\u00e7e \u0130ZM\u0130R[\/vc_column_text][vc_column_text css=&#8221;.vc_custom_1548500504232{padding-bottom: 44px !important;}&#8221;]<\/p>\n<h4><span style=\"color: #e30613;\">Telefon Numaras\u0131<\/span><\/h4>\n<p><i class=\"fa fa-fax\"><\/i>\u00a0+90 530 290 85 34[\/vc_column_text][vc_empty_space][vc_single_image image=&#8221;4061&#8243; img_size=&#8221;full&#8221;][\/vc_column_inner][vc_column_inner width=&#8221;1\/3&#8243;][vc_column_text css=&#8221;.vc_custom_1565635658213{padding-bottom: 44px !important;}&#8221;]<\/p>\n<h3 class=\"vc_custom_heading\" style=\"text-align: center;\">MERS\u0130N OF\u0130S<\/h3>\n<p>[\/vc_column_text][vc_column_text css=&#8221;.vc_custom_1549633881718{padding-bottom: 44px !important;}&#8221;]<\/p>\n<h4><span style=\"color: #e30613;\">Adres<\/span><\/h4>\n<p><i class=\"fa fa-map-marker\"><\/i> \u00a0\u00a0 G\u00f6ksu Mah. Ali \u00d6nder Cad. K\u0131l\u0131\u00e7 Apt Alt\u0131 No:18 \/ C Silifke\/MERS\u0130N[\/vc_column_text][vc_column_text]<\/p>\n<h4><span style=\"color: #e30613;\">Email<\/span><\/h4>\n<p><i class=\"fa fa-envelope-o\"><\/i>anil@tolmuhendislik.com[\/vc_column_text][\/vc_column_inner][vc_column_inner width=&#8221;1\/3&#8243;][vc_column_text css=&#8221;.vc_custom_1548500530140{padding-bottom: 35px !important;}&#8221;]<\/p>\n<h4><span style=\"color: #e30613;\">B\u0130Z\u0130MLE \u0130LET\u0130\u015e\u0130ME GE\u00c7\u0130N!<\/span><\/h4>\n<p>Sormak istedi\u011finiz her\u015fey i\u00e7in bizimle ileti\u015fime ge\u00e7ebilirsiniz,\u00a0 sizlere yard\u0131mc\u0131 olmak i\u00e7in buraday\u0131z[\/vc_column_text]<div role=\"form\" class=\"wpcf7\" id=\"wpcf7-f2711-o1\" lang=\"en-US\" dir=\"ltr\">\n<div class=\"screen-reader-response\"><p role=\"status\" aria-live=\"polite\" aria-atomic=\"true\"><\/p> <ul><\/ul><\/div>\n<form action=\"\/index.php?rest_route=%2Fwp%2Fv2%2Fpages%2F2274#wpcf7-f2711-o1\" method=\"post\" class=\"wpcf7-form init\" novalidate=\"novalidate\" data-status=\"init\">\n<div style=\"display: none;\">\n<input type=\"hidden\" name=\"_wpcf7\" value=\"2711\" \/>\n<input type=\"hidden\" name=\"_wpcf7_version\" value=\"5.5.2\" \/>\n<input type=\"hidden\" name=\"_wpcf7_locale\" value=\"en_US\" \/>\n<input type=\"hidden\" name=\"_wpcf7_unit_tag\" value=\"wpcf7-f2711-o1\" \/>\n<input type=\"hidden\" name=\"_wpcf7_container_post\" value=\"0\" \/>\n<input type=\"hidden\" name=\"_wpcf7_posted_data_hash\" value=\"\" \/>\n<\/div>\n<p><label><font color=\"#e30613\"> Ad\u0131n\u0131z <\/font><br \/>\n    <span class=\"wpcf7-form-control-wrap your-name\"><input type=\"text\" name=\"your-name\" value=\"\" size=\"40\" class=\"wpcf7-form-control wpcf7-text wpcf7-validates-as-required\" aria-required=\"true\" aria-invalid=\"false\" \/><\/span> <\/label><\/p>\n<p><label><font color=\"#e30613\"> Email Adresiniz<\/font><br \/>\n    <span class=\"wpcf7-form-control-wrap your-email\"><input type=\"email\" name=\"your-email\" value=\"\" size=\"40\" class=\"wpcf7-form-control wpcf7-text wpcf7-email wpcf7-validates-as-required wpcf7-validates-as-email\" aria-required=\"true\" aria-invalid=\"false\" \/><\/span> <\/label><\/p>\n<p><label> <font color=\"#e30613\">Konu<\/font><br \/>\n    <span class=\"wpcf7-form-control-wrap your-subject\"><input type=\"text\" name=\"your-subject\" value=\"\" size=\"40\" class=\"wpcf7-form-control wpcf7-text\" aria-invalid=\"false\" \/><\/span> <\/label><\/p>\n<p><label><font color=\"#e30613\"> Mesaj\u0131n\u0131z<\/font><br \/>\n    <span class=\"wpcf7-form-control-wrap your-message\"><textarea name=\"your-message\" cols=\"40\" rows=\"10\" class=\"wpcf7-form-control wpcf7-textarea\" aria-invalid=\"false\"><\/textarea><\/span> <\/label><\/p>\n<p><input type=\"submit\" value=\"G\u00f6nder\" class=\"wpcf7-form-control has-spinner wpcf7-submit\" \/><\/p>\n<p style=\"display: none !important;\"><label>&#916;<textarea name=\"_wpcf7_ak_hp_textarea\" cols=\"45\" rows=\"8\" maxlength=\"100\"><\/textarea><\/label><input type=\"hidden\" id=\"ak_js\" name=\"_wpcf7_ak_js\" value=\"72\"\/><script>document.getElementById( \"ak_js\" ).setAttribute( \"value\", ( new Date() ).getTime() );<\/script><\/p><div class=\"wpcf7-response-output\" aria-hidden=\"true\"><\/div><\/form><\/div>[\/vc_column_inner][\/vc_row_inner][\/vc_column][\/vc_row]<\/p>\n","protected":false},"excerpt":{"rendered":"<p>[vc_row][vc_column][\/vc_column][\/vc_row][vc_row parallax=&#8221;content-moving&#8221; parallax_image=&#8221;3837&#8243; tz_row_type=&#8221;grid&#8221; tz_pattern=&#8221;1&#8243; css=&#8221;.vc_custom_1548181590723{padding-top: 140px !important;padding-bottom: 510px !important;background-color: rgba(0,0,0,0.7) !important;*background-color: rgb(0,0,0) !important;}&#8221;][vc_column][vc_column_text] B\u0130Z\u0130MLE \u0130LET\u0130\u015e\u0130ME GE\u00c7\u0130N [\/vc_column_text][\/vc_column][\/vc_row][vc_row tz_row_type=&#8221;grid&#8221; css=&#8221;.vc_custom_1456800081276{padding-bottom: 100px !important;background-color: #fafafa !important;}&#8221;][vc_column el_class=&#8221;tz-box-shadow&#8221; css=&#8221;.vc_custom_1456798390782{margin-top: -446px !important;}&#8221;][vc_row_inner][vc_column_inner width=&#8221;1\/2&#8243;][vc_gmaps link=&#8221;#E-8_JTNDaWZyYW1lJTIwc3JjJTNEJTIyaHR0cHMlM0ElMkYlMkZ3d3cuZ29vZ2xlLmNvbSUyRm1hcHMlMkZlbWJlZCUzRnBiJTNEJTIxMW0xOCUyMTFtMTIlMjExbTMlMjExZDMxMjcuOTAzODM2OTMxNDczJTIxMmQyNi44NjcwOTgzMTU3MzQyODUlMjEzZDM4LjM3NDM0NTk3OTY1NDgyJTIxMm0zJTIxMWYwJTIxMmYwJTIxM2YwJTIxM20yJTIxMWkxMDI0JTIxMmk3NjglMjE0ZjEzLjElMjEzbTMlMjExbTIlMjExczB4MTRiYmVhMGM5NmQxYTJlNyUyNTNBMHhlMDM2ODFhYTRmMWI1ZTM5JTIxMnpVMmwwWld4bGNpQk5ZV2hoYkd4bGMya3NJRTFwZEdoaGRIQmh4WjloSUVOa0xpQk9iem8yTXprc0lETTFNekV3SUVmRHZIcGxiR0poYU1PblpTX0VzSHB0YVhJJTIxNWUwJTIxM20yJTIxMXN0ciUyMTJzdHIlMjE0djE1NDgxODE3MjUwMDglMjIlMjB3aWR0aCUzRCUyMjYwMCUyMiUyMGhlaWdodCUzRCUyMjQ1MCUyMiUyMGZyYW1lYm9yZGVyJTNEJTIyMCUyMiUyMHN0eWxlJTNEJTIyYm9yZGVyJTNBMCUyMiUyMGFsbG93ZnVsbHNjcmVlbiUzRSUzQyUyRmlmcmFtZSUzRQ==&#8221; tz_type=&#8221;classic&#8221; css=&#8221;.vc_custom_1548181733436{padding-top: 10px !important;padding-right: 10px !important;padding-bottom: 10px !important;padding-left: 10px !important;}&#8221;][\/vc_column_inner][vc_column_inner width=&#8221;1\/2&#8243;][vc_gmaps link=&#8221;#E-8_JTNDaWZyYW1lJTIwc3JjJTNEJTIyaHR0cHMlM0ElMkYlMkZ3d3cuZ29vZ2xlLmNvbSUyRm1hcHMlMkZlbWJlZCUzRnBiJTNEJTIxMW0xOCUyMTFtMTIlMjExbTMlMjExZDE2MDYuMTA5MDU2MTU0NTA1MiUyMTJkMzMuOTMzNDQwOTAwNjA4NjIlMjEzZDM2LjM3OTcxMzU5ODIzNTUzJTIxMm0zJTIxMWYwJTIxMmYwJTIxM2YwJTIxM20yJTIxMWkxMDI0JTIxMmk3NjglMjE0ZjEzLjElMjEzbTMlMjExbTIlMjExczB4MTRkOGU3ODBlMjU2NjU1MyUyNTNBMHgzZTM4ZmQ1Yzg3ZjY0NTQ5JTIxMnNHJTI1QzMlMjVCNmtzdSUyQk1haGFsbGVzaSUyNTJDJTJCQWxpJTJCJTI1QzMlMjU5Nm5kZXIlMkJDZC4lMkJObyUyNTNBMzYlMjUyQyUyQjMzOTYwJTJCU2lsaWZrZSUyNTJGTWVyc2luJTIxNWUwJTIxM20yJTIxMXN0ciUyMTJzdHIlMjE0djE1NDk2MzQxMTkwOTAlMjIlMjB3aWR0aCUzRCUyMjYwMCUyMiUyMGhlaWdodCUzRCUyMjQ1MCUyMiUyMGZyYW1lYm9yZGVyJTNEJTIyMCUyMiUyMHN0eWxlJTNEJTIyYm9yZGVyJTNBMCUyMiUyMGFsbG93ZnVsbHNjcmVlbiUzRSUzQyUyRmlmcmFtZSUzRQ==&#8221; tz_type=&#8221;classic&#8221; css=&#8221;.vc_custom_1549634134187{padding-top: 10px !important;padding-right: 10px !important;padding-bottom: 10px !important;padding-left: 10px !important;}&#8221;][\/vc_column_inner][\/vc_row_inner][vc_row_inner css=&#8221;.vc_custom_1456800034216{padding-top: 47px !important;padding-right: [&hellip;]<\/p>\n","protected":false},"author":1,"featured_media":0,"parent":0,"menu_order":0,"comment_status":"closed","ping_status":"closed","template":"template-homepage.php","meta":{"_mi_skip_tracking":false},"_links":{"self":[{"href":"https:\/\/tolmuhendislik.com\/index.php?rest_route=\/wp\/v2\/pages\/2274"}],"collection":[{"href":"https:\/\/tolmuhendislik.com\/index.php?rest_route=\/wp\/v2\/pages"}],"about":[{"href":"https:\/\/tolmuhendislik.com\/index.php?rest_route=\/wp\/v2\/types\/page"}],"author":[{"embeddable":true,"href":"https:\/\/tolmuhendislik.com\/index.php?rest_route=\/wp\/v2\/users\/1"}],"replies":[{"embeddable":true,"href":"https:\/\/tolmuhendislik.com\/index.php?rest_route=%2Fwp%2Fv2%2Fcomments&post=2274"}],"version-history":[{"count":8,"href":"https:\/\/tolmuhendislik.com\/index.php?rest_route=\/wp\/v2\/pages\/2274\/revisions"}],"predecessor-version":[{"id":4385,"href":"https:\/\/tolmuhendislik.com\/index.php?rest_route=\/wp\/v2\/pages\/2274\/revisions\/4385"}],"wp:attachment":[{"href":"https:\/\/tolmuhendislik.com\/index.php?rest_route=%2Fwp%2Fv2%2Fmedia&parent=2274"}],"curies":[{"name":"wp","href":"https:\/\/api.w.org\/{rel}","templated":true}]}}